{"id":125,"date":"2023-07-10T21:22:35","date_gmt":"2023-07-10T19:22:35","guid":{"rendered":"https:\/\/lefestivel.fr\/?page_id=125"},"modified":"2023-08-06T19:44:24","modified_gmt":"2023-08-06T17:44:24","slug":"biographie-hector-regis","status":"publish","type":"page","link":"https:\/\/lefestivel.fr\/index.php\/biographie-hector-regis\/","title":{"rendered":"BIOGRAPHIE HECTOR R\u00e9gis"},"content":{"rendered":"\n<p>Dessinateur de presse, auteur BD, illustrateur de romans et livres d\u2019histoire.<br>Pass\u00e9 par l&rsquo;\u00c9cole des Beaux Arts de Metz, il a collabor\u00e9 \u00e0 France 3 Lorraine, cr\u00e9\u00e9 le fanzine Mad Moselle et a \u00e9t\u00e9 quelques ann\u00e9es marionnettiste&#8230;<br>Apr\u00e8s plusieurs one-shot et illustrations pour des nouvelles polici\u00e8res, il imagine en 1999 les personnages d&rsquo;\u00abOscar et Mauricette\u00bb, ces derniers poursuivent toujours leurs aventures (avec Patrick Bousquet au sc\u00e9nario). En 2014, choisi par la famille Laydu, il r\u00e9alise l&rsquo;adaptation en BD de \u00abBonne nuit les petits\u00bb. En 2021, il s\u2019associe au journaliste Marc-Antoine Deroubaix pour r\u00e9aliser la BD \u00abDeux pitchouns dans l\u2019enfer de Verdun\u00bb puis ils publient ensemble en 2022, \u00a0\u00bb L&rsquo;exploit ! \u00ab\u00a0, une BD racontant l&rsquo;aventure humaine et sportive du FC Metz en 1984 quand le club lorrain a \u00e9limin\u00e9 le FC Barcelone en Coupe d&rsquo;Europe.<br>Dessinateur de presse pour le R\u00e9publicain Lorrain, L&rsquo;Est R\u00e9publicain et Vosges Matin jusqu&rsquo;en janvier 2021, pour le JDE (Journal des Enfants) depuis f\u00e9vrier 2019, il collabore d\u00e9sormais au site d&rsquo;informations Opinion Internationale et au magazine Montagnes des Vosges. En parall\u00e8le, il illustre et collabore dans de nombreux m\u00e9dias d&rsquo;entreprises ou institutionnels.<br>En compl\u00e9ment de son profil : Facebook (Regis Hector et R\u00e9gis Hector PRO).<\/p>\n\n\n\n<figure class=\"wp-block-image size-large\"><img fetchpriority=\"high\" decoding=\"async\" width=\"1024\" height=\"768\" src=\"https:\/\/lefestivel.fr\/wp-content\/uploads\/2023\/07\/IMG_3215-1024x768.jpg\" alt=\"\" class=\"wp-image-126\" srcset=\"https:\/\/lefestivel.fr\/wp-content\/uploads\/2023\/07\/IMG_3215-1024x768.jpg 1024w, https:\/\/lefestivel.fr\/wp-content\/uploads\/2023\/07\/IMG_3215-300x225.jpg 300w, https:\/\/lefestivel.fr\/wp-content\/uploads\/2023\/07\/IMG_3215-768x576.jpg 768w, https:\/\/lefestivel.fr\/wp-content\/uploads\/2023\/07\/IMG_3215-1536x1152.jpg 1536w, https:\/\/lefestivel.fr\/wp-content\/uploads\/2023\/07\/IMG_3215-2048x1536.jpg 2048w\" sizes=\"(max-width: 1024px) 100vw, 1024px\" \/><\/figure>\n","protected":false},"excerpt":{"rendered":"<p>Dessinateur de presse, auteur BD, illustrateur de romans et livres d\u2019histoire.Pass\u00e9 par l&rsquo;\u00c9cole des Beaux Arts de Metz, il a collabor\u00e9 \u00e0 France 3 Lorraine, cr\u00e9\u00e9 le fanzine Mad Moselle et a \u00e9t\u00e9 quelques ann\u00e9es marionnettiste&#8230;Apr\u00e8s plusieurs one-shot et illustrations pour des nouvelles polici\u00e8res, il imagine en 1999 les personnages d&rsquo;\u00abOscar et Mauricette\u00bb, ces derniers [&hellip;]<\/p>\n","protected":false},"author":2,"featured_media":0,"parent":0,"menu_order":0,"comment_status":"closed","ping_status":"closed","template":"","meta":{"_price":"","_stock":"","_tribe_ticket_header":"","_tribe_default_ticket_provider":"","_tribe_ticket_capacity":"0","_ticket_start_date":"","_ticket_end_date":"","_tribe_ticket_show_description":"","_tribe_ticket_show_not_going":false,"_tribe_ticket_use_global_stock":"","_tribe_ticket_global_stock_level":"","_global_stock_mode":"","_global_stock_cap":"","_tribe_rsvp_for_event":"","_tribe_ticket_going_count":"","_tribe_ticket_not_going_count":"","_tribe_tickets_list":"[]","_tribe_ticket_has_attendee_info_fields":false,"footnotes":"","_tec_slr_enabled":"","_tec_slr_layout":""},"class_list":["post-125","page","type-page","status-publish","hentry"],"yoast_head":"<!-- This site is optimized with the Yoast SEO plugin v27.4 - https:\/\/yoast.com\/product\/yoast-seo-wordpress\/ -->\n<title>BIOGRAPHIE HECTOR R\u00e9gis - LE FESTIVEL<\/title>\n<meta name=\"robots\" content=\"index, follow, max-snippet:-1, max-image-preview:large, max-video-preview:-1\" \/>\n<link rel=\"canonical\" href=\"https:\/\/lefestivel.fr\/index.php\/biographie-hector-regis\/\" \/>\n<meta property=\"og:locale\" content=\"fr_FR\" \/>\n<meta property=\"og:type\" content=\"article\" \/>\n<meta property=\"og:title\" content=\"BIOGRAPHIE HECTOR R\u00e9gis - LE FESTIVEL\" \/>\n<meta property=\"og:description\" content=\"Dessinateur de presse, auteur BD, illustrateur de romans et livres d\u2019histoire.Pass\u00e9 par l&rsquo;\u00c9cole des Beaux Arts de Metz, il a collabor\u00e9 \u00e0 France 3 Lorraine, cr\u00e9\u00e9 le fanzine Mad Moselle et a \u00e9t\u00e9 quelques ann\u00e9es marionnettiste&#8230;Apr\u00e8s plusieurs one-shot et illustrations pour des nouvelles polici\u00e8res, il imagine en 1999 les personnages d&rsquo;\u00abOscar et Mauricette\u00bb, ces derniers [&hellip;]\" \/>\n<meta property=\"og:url\" content=\"https:\/\/lefestivel.fr\/index.php\/biographie-hector-regis\/\" \/>\n<meta property=\"og:site_name\" content=\"LE FESTIVEL\" \/>\n<meta property=\"article:publisher\" content=\"https:\/\/www.facebook.com\/AncyFestivel\" \/>\n<meta property=\"article:modified_time\" content=\"2023-08-06T17:44:24+00:00\" \/>\n<meta property=\"og:image\" content=\"https:\/\/lefestivel.fr\/wp-content\/uploads\/2023\/07\/IMG_3215-1024x768.jpg\" \/>\n<meta name=\"twitter:card\" content=\"summary_large_image\" \/>\n<meta name=\"twitter:label1\" content=\"Dur\u00e9e de lecture estim\u00e9e\" \/>\n\t<meta name=\"twitter:data1\" content=\"2 minutes\" \/>\n<script type=\"application\/ld+json\" class=\"yoast-schema-graph\">{\"@context\":\"https:\\\/\\\/schema.org\",\"@graph\":[{\"@type\":\"WebPage\",\"@id\":\"https:\\\/\\\/lefestivel.fr\\\/index.php\\\/biographie-hector-regis\\\/\",\"url\":\"https:\\\/\\\/lefestivel.fr\\\/index.php\\\/biographie-hector-regis\\\/\",\"name\":\"BIOGRAPHIE HECTOR R\u00e9gis - LE FESTIVEL\",\"isPartOf\":{\"@id\":\"https:\\\/\\\/lefestivel.fr\\\/#website\"},\"primaryImageOfPage\":{\"@id\":\"https:\\\/\\\/lefestivel.fr\\\/index.php\\\/biographie-hector-regis\\\/#primaryimage\"},\"image\":{\"@id\":\"https:\\\/\\\/lefestivel.fr\\\/index.php\\\/biographie-hector-regis\\\/#primaryimage\"},\"thumbnailUrl\":\"https:\\\/\\\/lefestivel.fr\\\/wp-content\\\/uploads\\\/2023\\\/07\\\/IMG_3215-1024x768.jpg\",\"datePublished\":\"2023-07-10T19:22:35+00:00\",\"dateModified\":\"2023-08-06T17:44:24+00:00\",\"breadcrumb\":{\"@id\":\"https:\\\/\\\/lefestivel.fr\\\/index.php\\\/biographie-hector-regis\\\/#breadcrumb\"},\"inLanguage\":\"fr-FR\",\"potentialAction\":[{\"@type\":\"ReadAction\",\"target\":[\"https:\\\/\\\/lefestivel.fr\\\/index.php\\\/biographie-hector-regis\\\/\"]}]},{\"@type\":\"ImageObject\",\"inLanguage\":\"fr-FR\",\"@id\":\"https:\\\/\\\/lefestivel.fr\\\/index.php\\\/biographie-hector-regis\\\/#primaryimage\",\"url\":\"https:\\\/\\\/lefestivel.fr\\\/wp-content\\\/uploads\\\/2023\\\/07\\\/IMG_3215-scaled.jpg\",\"contentUrl\":\"https:\\\/\\\/lefestivel.fr\\\/wp-content\\\/uploads\\\/2023\\\/07\\\/IMG_3215-scaled.jpg\",\"width\":2560,\"height\":1920},{\"@type\":\"BreadcrumbList\",\"@id\":\"https:\\\/\\\/lefestivel.fr\\\/index.php\\\/biographie-hector-regis\\\/#breadcrumb\",\"itemListElement\":[{\"@type\":\"ListItem\",\"position\":1,\"name\":\"Accueil\",\"item\":\"https:\\\/\\\/lefestivel.fr\\\/\"},{\"@type\":\"ListItem\",\"position\":2,\"name\":\"BIOGRAPHIE HECTOR R\u00e9gis\"}]},{\"@type\":\"WebSite\",\"@id\":\"https:\\\/\\\/lefestivel.fr\\\/#website\",\"url\":\"https:\\\/\\\/lefestivel.fr\\\/\",\"name\":\"LE FESTIVEL\",\"description\":\"Pour les amoureux de la nature et du sport\",\"publisher\":{\"@id\":\"https:\\\/\\\/lefestivel.fr\\\/#organization\"},\"potentialAction\":[{\"@type\":\"SearchAction\",\"target\":{\"@type\":\"EntryPoint\",\"urlTemplate\":\"https:\\\/\\\/lefestivel.fr\\\/?s={search_term_string}\"},\"query-input\":{\"@type\":\"PropertyValueSpecification\",\"valueRequired\":true,\"valueName\":\"search_term_string\"}}],\"inLanguage\":\"fr-FR\"},{\"@type\":\"Organization\",\"@id\":\"https:\\\/\\\/lefestivel.fr\\\/#organization\",\"name\":\"LE FESTIVEL\",\"url\":\"https:\\\/\\\/lefestivel.fr\\\/\",\"logo\":{\"@type\":\"ImageObject\",\"inLanguage\":\"fr-FR\",\"@id\":\"https:\\\/\\\/lefestivel.fr\\\/#\\\/schema\\\/logo\\\/image\\\/\",\"url\":\"https:\\\/\\\/lefestivel.fr\\\/wp-content\\\/uploads\\\/2023\\\/08\\\/bandeau-web-1-scaled.jpg\",\"contentUrl\":\"https:\\\/\\\/lefestivel.fr\\\/wp-content\\\/uploads\\\/2023\\\/08\\\/bandeau-web-1-scaled.jpg\",\"width\":2560,\"height\":945,\"caption\":\"LE FESTIVEL\"},\"image\":{\"@id\":\"https:\\\/\\\/lefestivel.fr\\\/#\\\/schema\\\/logo\\\/image\\\/\"},\"sameAs\":[\"https:\\\/\\\/www.facebook.com\\\/AncyFestivel\"]}]}<\/script>\n<!-- \/ Yoast SEO plugin. -->","yoast_head_json":{"title":"BIOGRAPHIE HECTOR R\u00e9gis - LE FESTIVEL","robots":{"index":"index","follow":"follow","max-snippet":"max-snippet:-1","max-image-preview":"max-image-preview:large","max-video-preview":"max-video-preview:-1"},"canonical":"https:\/\/lefestivel.fr\/index.php\/biographie-hector-regis\/","og_locale":"fr_FR","og_type":"article","og_title":"BIOGRAPHIE HECTOR R\u00e9gis - LE FESTIVEL","og_description":"Dessinateur de presse, auteur BD, illustrateur de romans et livres d\u2019histoire.Pass\u00e9 par l&rsquo;\u00c9cole des Beaux Arts de Metz, il a collabor\u00e9 \u00e0 France 3 Lorraine, cr\u00e9\u00e9 le fanzine Mad Moselle et a \u00e9t\u00e9 quelques ann\u00e9es marionnettiste&#8230;Apr\u00e8s plusieurs one-shot et illustrations pour des nouvelles polici\u00e8res, il imagine en 1999 les personnages d&rsquo;\u00abOscar et Mauricette\u00bb, ces derniers [&hellip;]","og_url":"https:\/\/lefestivel.fr\/index.php\/biographie-hector-regis\/","og_site_name":"LE FESTIVEL","article_publisher":"https:\/\/www.facebook.com\/AncyFestivel","article_modified_time":"2023-08-06T17:44:24+00:00","og_image":[{"url":"https:\/\/lefestivel.fr\/wp-content\/uploads\/2023\/07\/IMG_3215-1024x768.jpg","type":"","width":"","height":""}],"twitter_card":"summary_large_image","twitter_misc":{"Dur\u00e9e de lecture estim\u00e9e":"2 minutes"},"schema":{"@context":"https:\/\/schema.org","@graph":[{"@type":"WebPage","@id":"https:\/\/lefestivel.fr\/index.php\/biographie-hector-regis\/","url":"https:\/\/lefestivel.fr\/index.php\/biographie-hector-regis\/","name":"BIOGRAPHIE HECTOR R\u00e9gis - LE FESTIVEL","isPartOf":{"@id":"https:\/\/lefestivel.fr\/#website"},"primaryImageOfPage":{"@id":"https:\/\/lefestivel.fr\/index.php\/biographie-hector-regis\/#primaryimage"},"image":{"@id":"https:\/\/lefestivel.fr\/index.php\/biographie-hector-regis\/#primaryimage"},"thumbnailUrl":"https:\/\/lefestivel.fr\/wp-content\/uploads\/2023\/07\/IMG_3215-1024x768.jpg","datePublished":"2023-07-10T19:22:35+00:00","dateModified":"2023-08-06T17:44:24+00:00","breadcrumb":{"@id":"https:\/\/lefestivel.fr\/index.php\/biographie-hector-regis\/#breadcrumb"},"inLanguage":"fr-FR","potentialAction":[{"@type":"ReadAction","target":["https:\/\/lefestivel.fr\/index.php\/biographie-hector-regis\/"]}]},{"@type":"ImageObject","inLanguage":"fr-FR","@id":"https:\/\/lefestivel.fr\/index.php\/biographie-hector-regis\/#primaryimage","url":"https:\/\/lefestivel.fr\/wp-content\/uploads\/2023\/07\/IMG_3215-scaled.jpg","contentUrl":"https:\/\/lefestivel.fr\/wp-content\/uploads\/2023\/07\/IMG_3215-scaled.jpg","width":2560,"height":1920},{"@type":"BreadcrumbList","@id":"https:\/\/lefestivel.fr\/index.php\/biographie-hector-regis\/#breadcrumb","itemListElement":[{"@type":"ListItem","position":1,"name":"Accueil","item":"https:\/\/lefestivel.fr\/"},{"@type":"ListItem","position":2,"name":"BIOGRAPHIE HECTOR R\u00e9gis"}]},{"@type":"WebSite","@id":"https:\/\/lefestivel.fr\/#website","url":"https:\/\/lefestivel.fr\/","name":"LE FESTIVEL","description":"Pour les amoureux de la nature et du sport","publisher":{"@id":"https:\/\/lefestivel.fr\/#organization"},"potentialAction":[{"@type":"SearchAction","target":{"@type":"EntryPoint","urlTemplate":"https:\/\/lefestivel.fr\/?s={search_term_string}"},"query-input":{"@type":"PropertyValueSpecification","valueRequired":true,"valueName":"search_term_string"}}],"inLanguage":"fr-FR"},{"@type":"Organization","@id":"https:\/\/lefestivel.fr\/#organization","name":"LE FESTIVEL","url":"https:\/\/lefestivel.fr\/","logo":{"@type":"ImageObject","inLanguage":"fr-FR","@id":"https:\/\/lefestivel.fr\/#\/schema\/logo\/image\/","url":"https:\/\/lefestivel.fr\/wp-content\/uploads\/2023\/08\/bandeau-web-1-scaled.jpg","contentUrl":"https:\/\/lefestivel.fr\/wp-content\/uploads\/2023\/08\/bandeau-web-1-scaled.jpg","width":2560,"height":945,"caption":"LE FESTIVEL"},"image":{"@id":"https:\/\/lefestivel.fr\/#\/schema\/logo\/image\/"},"sameAs":["https:\/\/www.facebook.com\/AncyFestivel"]}]}},"ticketed":false,"_links":{"self":[{"href":"https:\/\/lefestivel.fr\/index.php\/wp-json\/wp\/v2\/pages\/125","targetHints":{"allow":["GET"]}}],"collection":[{"href":"https:\/\/lefestivel.fr\/index.php\/wp-json\/wp\/v2\/pages"}],"about":[{"href":"https:\/\/lefestivel.fr\/index.php\/wp-json\/wp\/v2\/types\/page"}],"author":[{"embeddable":true,"href":"https:\/\/lefestivel.fr\/index.php\/wp-json\/wp\/v2\/users\/2"}],"replies":[{"embeddable":true,"href":"https:\/\/lefestivel.fr\/index.php\/wp-json\/wp\/v2\/comments?post=125"}],"version-history":[{"count":1,"href":"https:\/\/lefestivel.fr\/index.php\/wp-json\/wp\/v2\/pages\/125\/revisions"}],"predecessor-version":[{"id":127,"href":"https:\/\/lefestivel.fr\/index.php\/wp-json\/wp\/v2\/pages\/125\/revisions\/127"}],"wp:attachment":[{"href":"https:\/\/lefestivel.fr\/index.php\/wp-json\/wp\/v2\/media?parent=125"}],"curies":[{"name":"wp","href":"https:\/\/api.w.org\/{rel}","templated":true}]}}