{"id":206,"date":"2023-08-01T21:31:41","date_gmt":"2023-08-01T19:31:41","guid":{"rendered":"https:\/\/lefestivel.fr\/?page_id=206"},"modified":"2025-07-16T14:36:41","modified_gmt":"2025-07-16T12:36:41","slug":"reglement","status":"publish","type":"page","link":"https:\/\/lefestivel.fr\/index.php\/reglement\/","title":{"rendered":"REGLEMENT"},"content":{"rendered":"\t\t<div data-elementor-type=\"wp-page\" data-elementor-id=\"206\" class=\"elementor elementor-206\">\n\t\t\t\t\t\t<section class=\"elementor-section elementor-top-section elementor-element elementor-element-3c3e11f6 elementor-section-boxed elementor-section-height-default elementor-section-height-default\" data-id=\"3c3e11f6\" data-element_type=\"section\" data-e-type=\"section\">\n\t\t\t\t\t\t<div class=\"elementor-container elementor-column-gap-default\">\n\t\t\t\t\t<div class=\"elementor-column elementor-col-100 elementor-top-column elementor-element elementor-element-3a8cecb0\" data-id=\"3a8cecb0\" data-element_type=\"column\" data-e-type=\"column\">\n\t\t\t<div class=\"elementor-widget-wrap elementor-element-populated\">\n\t\t\t\t\t\t<div class=\"elementor-element elementor-element-2d1e8077 elementor-widget elementor-widget-text-editor\" data-id=\"2d1e8077\" data-element_type=\"widget\" data-e-type=\"widget\" data-widget_type=\"text-editor.default\">\n\t\t\t\t<div class=\"elementor-widget-container\">\n\t\t\t\t\t\t\t\t\t\n<p><strong>R\u00e9glement du FESTIVEL<\/strong><\/p>\n\n<p><strong>Cette manifestation n\u2019est pas une comp\u00e9tition.<\/strong><\/p>\n\n<p>Tout coureur et\/ou randonneur inscrit est r\u00e9put\u00e9 avoir pris connaissance du r\u00e9glement dans sa globalit\u00e9 et l\u2019accepter.<\/p>\n\n<p>\u00c9voluant dans des espaces naturels, nous pouvons \u00eatre amen\u00e9s \u00e0 modifier nos parcours pour diverses raisons, ce qui peut modifier l\u00e9g\u00e8rement la distance et\/ou le d\u00e9nivel\u00e9 des parcours.<br \/>Les distances, d\u00e9nivel\u00e9s et point de ravitaillements sont donc donn\u00e9s \u00e0 titre indicatif.\u00a0<\/p>\n\n<p><strong>INSCRIPTIONS\u00a0et PARCOURS\u00a0:\u00a0<\/strong><\/p>\n\n<p><strong>Rando nocturne du samedi soir \u2013 VTT ( 20-30 km )et marche ( 6.5 km ) :<\/strong><\/p>\n\n<p><strong>D\u00e9part de 18h30 \u00e0 19h30<\/strong><\/p>\n\n<p><strong>Rando du dimanche matin VTT ( entre 20 et 60 km), GRAVEL ( 100km) ou marche ( 6.5 ou 12.5 km) :\u00a0<\/strong><\/p>\n\n<p><strong>D\u00e9part de 7h30 \u00e0 10h<\/strong>. Attention, maximum 8h30 pour ceux qui feront toutes les boucles VTT et le parcours Gravel<\/p>\n\n<p><strong>Tarifs marche : 4 euros en ligne et 6 euros sur place<\/strong><\/p>\n\n<p><strong>Tarif VTT : 7 euros en ligne et 9 euros sur place<\/strong><\/p>\n\n<p><strong>Gratuit\u00e9 pour les enfants de moins de 12 ans sur le parcours familial\u00a0<\/strong><\/p>\n\n<p><strong>Tarif GRAVEL : 8 euros en ligne, 10 euros sur place<\/strong><\/p>\n\n<p>\u00a0<\/p>\n\n<p>L\u2019inscription se fait sur internet jusqu\u2019au 12 septembre 2025 \u00e0 12h00 depuis le site internet ( penser \u00e0 v\u00e9rifier vos spams au besoin ), les inscriptions sur place sont possibles mais avec majoration de 2\u20ac.<\/p>\n\n<p>Toute inscription est ferme et d\u00e9finitive,\u00a0pas de remboursement.<\/p>\n\n<p>Aucun certificat m\u00e9dical n\u00e9cessaire.<\/p>\n\n<p>Tous les d\u00e9parts se font \u00e0 partir de la halle des Fenottes ( Ancy Dornot ). Les parcours seront balis\u00e9s par l organisation.<\/p>\n\n<p>Des bracelets seront \u00e0 retirer sur place.<\/p>\n\n<p>En cas d\u2019inscription multiple, le signataire du consentement diffuse le r\u00e8glement \u00e0 ses co-participants.<\/p>\n\n<p>Chaque participant doit se conformer au code de la route sur les portions des circuits traversant les villages et les axes routiers, ainsi qu\u2019aux arr\u00eat\u00e9s municipaux et pr\u00e9fectoraux.<\/p>\n\n<p><strong>UTILISATION D\u2019IMAGE<\/strong><\/p>\n\n<p>Le participant autorise, par son inscription, express\u00e9ment les organisateurs ainsi que les partenaires et m\u00e9dias, \u00e0 utiliser les images fixes ou audiovisuelles sur lesquelles il pourrait appara\u00eetre, prises \u00e0 l\u2019occasion de sa participation, sur tous supports y compris les documents promotionnels et\/ou publicitaires, et pour la dur\u00e9e la plus longue pr\u00e9vue par la loi, les r\u00e8glements, les trait\u00e9s en vigueur, y compris pour les prolongations \u00e9ventuelles qui pourraient \u00eatre apport\u00e9es \u00e0 cette dur\u00e9e.\u00a0<\/p>\n\n<p>Vous garantissez que, ni vous ni les personnes que vous repr\u00e9sentez, ne sont li\u00e9\u00e9 par un contrat exclusif relatif \u00e0 l\u2019utilisation de son image ou de son nom.<\/p>\n\n<p>Vous ne pourrez pr\u00e9tendre \u00e0 aucune r\u00e9mun\u00e9ration du droit \u00e0 l image.<\/p>\n\n<p><strong>RESPONSABILIT\u00c9<\/strong><\/p>\n\n<p>Conform\u00e9ment \u00e0 la loi, les organisateurs ont souscrit une assurance couvrant les cons\u00e9quences de leur responsabilit\u00e9 civile. L\u2019organisateur a souscrit une assurance RC propre \u00e0 l\u2019\u00e9v\u00e9nement mais chaque concurrent devra \u00eatre couvert par sa propre assurance responsabilit\u00e9 civile.<\/p>\n\n<p>L\u2019acceptation du pr\u00e9sent r\u00e8glement emportera d\u00e9charge de responsabilit\u00e9.\u00a0<\/p>\n\n<p>L organisateur d\u00e9cline toute responsabilit\u00e9 en cas de perte ou de vol lors du Festivel.<\/p>\n\n<p><strong>AUTORISATION PARENTALE<\/strong><\/p>\n\n<p>Les\u00a0participants\u00a0mineurs,\u00a0non accompagn\u00e9s,\u00a0sont accept\u00e9s sur toutes les randonn\u00e9es apr\u00e8s avoir fourni une autorisation parentale. Celle ci est \u00e0 remettre lors de l inscription.<\/p>\n\n<p><strong>SECURITE, DIVERS et ORGANISATION<\/strong><\/p>\n\n<p>Parking pr\u00e9vu \u00e0 proximit\u00e9 de la halle des Fenottes. ( Gare et alentours)<\/p>\n\n<p>Tout participant au Festivel s engage, sur les randonn\u00e9es \u00e0 respecter les trac\u00e9s et chemins pr\u00e9vus ainsi que l environnement ( zone Natura 2000, n\u2019y jetez pas vos d\u00e9chets, pr\u00e9servons ce beau site).<\/p>\n\n<p>Tout participant devra choisir sa randonn\u00e9e en fonction de ses capacit\u00e9s physiques et avoir un \u00e9quipement adapt\u00e9 ( casque homologu\u00e9 obligatoire pour le VTT et Gravel ) y compris l \u00e9clairage n\u00e9cessaire sur le semi-nocturne.<\/p>\n\n<p>Des gobelets r\u00e9utilisables seront propos\u00e9s au d\u00e9part, consigne \u00e0 1 euro, pour les ravitaillements. Attention, si vous n avez pas de gobelet personnel, aucun ne sera distribu\u00e9 sur les ravitaillements.<\/p>\n\n<p>Restauration pr\u00e9vue sous la halle des Fenottes, un ou plusieurs ravitaillements sur les circuits en fonction des distances.<\/p>\n\n<p>Les conditions sanitaires du Festivel seront celles en vigueur au moment de la manifestation.<\/p>\n\t\t\t\t\t\t\t\t<\/div>\n\t\t\t\t<\/div>\n\t\t\t\t\t<\/div>\n\t\t<\/div>\n\t\t\t\t\t<\/div>\n\t\t<\/section>\n\t\t\t\t<\/div>\n\t\t","protected":false},"excerpt":{"rendered":"<p>R\u00e9glement du FESTIVEL Cette manifestation n\u2019est pas une comp\u00e9tition. Tout coureur et\/ou randonneur inscrit est r\u00e9put\u00e9 avoir pris connaissance du r\u00e9glement dans sa globalit\u00e9 et l\u2019accepter. \u00c9voluant dans des espaces naturels, nous pouvons \u00eatre amen\u00e9s \u00e0 modifier nos parcours pour diverses raisons, ce qui peut modifier l\u00e9g\u00e8rement la distance et\/ou le d\u00e9nivel\u00e9 des parcours.Les distances, [&hellip;]<\/p>\n","protected":false},"author":2,"featured_media":0,"parent":0,"menu_order":0,"comment_status":"closed","ping_status":"closed","template":"","meta":{"_price":"","_stock":"","_tribe_ticket_header":"","_tribe_default_ticket_provider":"","_tribe_ticket_capacity":"0","_ticket_start_date":"","_ticket_end_date":"","_tribe_ticket_show_description":"","_tribe_ticket_show_not_going":false,"_tribe_ticket_use_global_stock":"","_tribe_ticket_global_stock_level":"","_global_stock_mode":"","_global_stock_cap":"","_tribe_rsvp_for_event":"","_tribe_ticket_going_count":"","_tribe_ticket_not_going_count":"","_tribe_tickets_list":"[]","_tribe_ticket_has_attendee_info_fields":false,"footnotes":"","_tec_slr_enabled":"","_tec_slr_layout":""},"class_list":["post-206","page","type-page","status-publish","hentry"],"yoast_head":"<!-- This site is optimized with the Yoast SEO plugin v27.4 - https:\/\/yoast.com\/product\/yoast-seo-wordpress\/ -->\n<title>REGLEMENT - LE FESTIVEL<\/title>\n<meta name=\"robots\" content=\"index, follow, max-snippet:-1, max-image-preview:large, max-video-preview:-1\" \/>\n<link rel=\"canonical\" href=\"https:\/\/lefestivel.fr\/index.php\/reglement\/\" \/>\n<meta property=\"og:locale\" content=\"fr_FR\" \/>\n<meta property=\"og:type\" content=\"article\" \/>\n<meta property=\"og:title\" content=\"REGLEMENT - LE FESTIVEL\" \/>\n<meta property=\"og:description\" content=\"R\u00e9glement du FESTIVEL Cette manifestation n\u2019est pas une comp\u00e9tition. Tout coureur et\/ou randonneur inscrit est r\u00e9put\u00e9 avoir pris connaissance du r\u00e9glement dans sa globalit\u00e9 et l\u2019accepter. \u00c9voluant dans des espaces naturels, nous pouvons \u00eatre amen\u00e9s \u00e0 modifier nos parcours pour diverses raisons, ce qui peut modifier l\u00e9g\u00e8rement la distance et\/ou le d\u00e9nivel\u00e9 des parcours.Les distances, [&hellip;]\" \/>\n<meta property=\"og:url\" content=\"https:\/\/lefestivel.fr\/index.php\/reglement\/\" \/>\n<meta property=\"og:site_name\" content=\"LE FESTIVEL\" \/>\n<meta property=\"article:publisher\" content=\"https:\/\/www.facebook.com\/AncyFestivel\" \/>\n<meta property=\"article:modified_time\" content=\"2025-07-16T12:36:41+00:00\" \/>\n<meta name=\"twitter:card\" content=\"summary_large_image\" \/>\n<meta name=\"twitter:label1\" content=\"Dur\u00e9e de lecture estim\u00e9e\" \/>\n\t<meta name=\"twitter:data1\" content=\"4 minutes\" \/>\n<script type=\"application\/ld+json\" class=\"yoast-schema-graph\">{\"@context\":\"https:\\\/\\\/schema.org\",\"@graph\":[{\"@type\":\"WebPage\",\"@id\":\"https:\\\/\\\/lefestivel.fr\\\/index.php\\\/reglement\\\/\",\"url\":\"https:\\\/\\\/lefestivel.fr\\\/index.php\\\/reglement\\\/\",\"name\":\"REGLEMENT - LE FESTIVEL\",\"isPartOf\":{\"@id\":\"https:\\\/\\\/lefestivel.fr\\\/#website\"},\"datePublished\":\"2023-08-01T19:31:41+00:00\",\"dateModified\":\"2025-07-16T12:36:41+00:00\",\"breadcrumb\":{\"@id\":\"https:\\\/\\\/lefestivel.fr\\\/index.php\\\/reglement\\\/#breadcrumb\"},\"inLanguage\":\"fr-FR\",\"potentialAction\":[{\"@type\":\"ReadAction\",\"target\":[\"https:\\\/\\\/lefestivel.fr\\\/index.php\\\/reglement\\\/\"]}]},{\"@type\":\"BreadcrumbList\",\"@id\":\"https:\\\/\\\/lefestivel.fr\\\/index.php\\\/reglement\\\/#breadcrumb\",\"itemListElement\":[{\"@type\":\"ListItem\",\"position\":1,\"name\":\"Accueil\",\"item\":\"https:\\\/\\\/lefestivel.fr\\\/\"},{\"@type\":\"ListItem\",\"position\":2,\"name\":\"REGLEMENT\"}]},{\"@type\":\"WebSite\",\"@id\":\"https:\\\/\\\/lefestivel.fr\\\/#website\",\"url\":\"https:\\\/\\\/lefestivel.fr\\\/\",\"name\":\"LE FESTIVEL\",\"description\":\"Pour les amoureux de la nature et du sport\",\"publisher\":{\"@id\":\"https:\\\/\\\/lefestivel.fr\\\/#organization\"},\"potentialAction\":[{\"@type\":\"SearchAction\",\"target\":{\"@type\":\"EntryPoint\",\"urlTemplate\":\"https:\\\/\\\/lefestivel.fr\\\/?s={search_term_string}\"},\"query-input\":{\"@type\":\"PropertyValueSpecification\",\"valueRequired\":true,\"valueName\":\"search_term_string\"}}],\"inLanguage\":\"fr-FR\"},{\"@type\":\"Organization\",\"@id\":\"https:\\\/\\\/lefestivel.fr\\\/#organization\",\"name\":\"LE FESTIVEL\",\"url\":\"https:\\\/\\\/lefestivel.fr\\\/\",\"logo\":{\"@type\":\"ImageObject\",\"inLanguage\":\"fr-FR\",\"@id\":\"https:\\\/\\\/lefestivel.fr\\\/#\\\/schema\\\/logo\\\/image\\\/\",\"url\":\"https:\\\/\\\/lefestivel.fr\\\/wp-content\\\/uploads\\\/2023\\\/08\\\/bandeau-web-1-scaled.jpg\",\"contentUrl\":\"https:\\\/\\\/lefestivel.fr\\\/wp-content\\\/uploads\\\/2023\\\/08\\\/bandeau-web-1-scaled.jpg\",\"width\":2560,\"height\":945,\"caption\":\"LE FESTIVEL\"},\"image\":{\"@id\":\"https:\\\/\\\/lefestivel.fr\\\/#\\\/schema\\\/logo\\\/image\\\/\"},\"sameAs\":[\"https:\\\/\\\/www.facebook.com\\\/AncyFestivel\"]}]}<\/script>\n<!-- \/ Yoast SEO plugin. -->","yoast_head_json":{"title":"REGLEMENT - LE FESTIVEL","robots":{"index":"index","follow":"follow","max-snippet":"max-snippet:-1","max-image-preview":"max-image-preview:large","max-video-preview":"max-video-preview:-1"},"canonical":"https:\/\/lefestivel.fr\/index.php\/reglement\/","og_locale":"fr_FR","og_type":"article","og_title":"REGLEMENT - LE FESTIVEL","og_description":"R\u00e9glement du FESTIVEL Cette manifestation n\u2019est pas une comp\u00e9tition. Tout coureur et\/ou randonneur inscrit est r\u00e9put\u00e9 avoir pris connaissance du r\u00e9glement dans sa globalit\u00e9 et l\u2019accepter. \u00c9voluant dans des espaces naturels, nous pouvons \u00eatre amen\u00e9s \u00e0 modifier nos parcours pour diverses raisons, ce qui peut modifier l\u00e9g\u00e8rement la distance et\/ou le d\u00e9nivel\u00e9 des parcours.Les distances, [&hellip;]","og_url":"https:\/\/lefestivel.fr\/index.php\/reglement\/","og_site_name":"LE FESTIVEL","article_publisher":"https:\/\/www.facebook.com\/AncyFestivel","article_modified_time":"2025-07-16T12:36:41+00:00","twitter_card":"summary_large_image","twitter_misc":{"Dur\u00e9e de lecture estim\u00e9e":"4 minutes"},"schema":{"@context":"https:\/\/schema.org","@graph":[{"@type":"WebPage","@id":"https:\/\/lefestivel.fr\/index.php\/reglement\/","url":"https:\/\/lefestivel.fr\/index.php\/reglement\/","name":"REGLEMENT - LE FESTIVEL","isPartOf":{"@id":"https:\/\/lefestivel.fr\/#website"},"datePublished":"2023-08-01T19:31:41+00:00","dateModified":"2025-07-16T12:36:41+00:00","breadcrumb":{"@id":"https:\/\/lefestivel.fr\/index.php\/reglement\/#breadcrumb"},"inLanguage":"fr-FR","potentialAction":[{"@type":"ReadAction","target":["https:\/\/lefestivel.fr\/index.php\/reglement\/"]}]},{"@type":"BreadcrumbList","@id":"https:\/\/lefestivel.fr\/index.php\/reglement\/#breadcrumb","itemListElement":[{"@type":"ListItem","position":1,"name":"Accueil","item":"https:\/\/lefestivel.fr\/"},{"@type":"ListItem","position":2,"name":"REGLEMENT"}]},{"@type":"WebSite","@id":"https:\/\/lefestivel.fr\/#website","url":"https:\/\/lefestivel.fr\/","name":"LE FESTIVEL","description":"Pour les amoureux de la nature et du sport","publisher":{"@id":"https:\/\/lefestivel.fr\/#organization"},"potentialAction":[{"@type":"SearchAction","target":{"@type":"EntryPoint","urlTemplate":"https:\/\/lefestivel.fr\/?s={search_term_string}"},"query-input":{"@type":"PropertyValueSpecification","valueRequired":true,"valueName":"search_term_string"}}],"inLanguage":"fr-FR"},{"@type":"Organization","@id":"https:\/\/lefestivel.fr\/#organization","name":"LE FESTIVEL","url":"https:\/\/lefestivel.fr\/","logo":{"@type":"ImageObject","inLanguage":"fr-FR","@id":"https:\/\/lefestivel.fr\/#\/schema\/logo\/image\/","url":"https:\/\/lefestivel.fr\/wp-content\/uploads\/2023\/08\/bandeau-web-1-scaled.jpg","contentUrl":"https:\/\/lefestivel.fr\/wp-content\/uploads\/2023\/08\/bandeau-web-1-scaled.jpg","width":2560,"height":945,"caption":"LE FESTIVEL"},"image":{"@id":"https:\/\/lefestivel.fr\/#\/schema\/logo\/image\/"},"sameAs":["https:\/\/www.facebook.com\/AncyFestivel"]}]}},"ticketed":false,"_links":{"self":[{"href":"https:\/\/lefestivel.fr\/index.php\/wp-json\/wp\/v2\/pages\/206","targetHints":{"allow":["GET"]}}],"collection":[{"href":"https:\/\/lefestivel.fr\/index.php\/wp-json\/wp\/v2\/pages"}],"about":[{"href":"https:\/\/lefestivel.fr\/index.php\/wp-json\/wp\/v2\/types\/page"}],"author":[{"embeddable":true,"href":"https:\/\/lefestivel.fr\/index.php\/wp-json\/wp\/v2\/users\/2"}],"replies":[{"embeddable":true,"href":"https:\/\/lefestivel.fr\/index.php\/wp-json\/wp\/v2\/comments?post=206"}],"version-history":[{"count":15,"href":"https:\/\/lefestivel.fr\/index.php\/wp-json\/wp\/v2\/pages\/206\/revisions"}],"predecessor-version":[{"id":474,"href":"https:\/\/lefestivel.fr\/index.php\/wp-json\/wp\/v2\/pages\/206\/revisions\/474"}],"wp:attachment":[{"href":"https:\/\/lefestivel.fr\/index.php\/wp-json\/wp\/v2\/media?parent=206"}],"curies":[{"name":"wp","href":"https:\/\/api.w.org\/{rel}","templated":true}]}}