{"id":31,"date":"2023-06-20T21:56:27","date_gmt":"2023-06-20T19:56:27","guid":{"rendered":"http:\/\/lefestivel.fr\/?page_id=31"},"modified":"2025-08-19T17:05:08","modified_gmt":"2025-08-19T15:05:08","slug":"vtt","status":"publish","type":"page","link":"https:\/\/lefestivel.fr\/index.php\/vtt\/","title":{"rendered":"LES PARCOURS VTT"},"content":{"rendered":"\t\t<div data-elementor-type=\"wp-page\" data-elementor-id=\"31\" class=\"elementor elementor-31\">\n\t\t\t\t\t\t<section class=\"elementor-section elementor-top-section elementor-element elementor-element-58d7d973 elementor-section-boxed elementor-section-height-default elementor-section-height-default\" data-id=\"58d7d973\" data-element_type=\"section\" data-e-type=\"section\">\n\t\t\t\t\t\t<div class=\"elementor-container elementor-column-gap-default\">\n\t\t\t\t\t<div class=\"elementor-column elementor-col-100 elementor-top-column elementor-element elementor-element-7cc9b082\" data-id=\"7cc9b082\" data-element_type=\"column\" data-e-type=\"column\">\n\t\t\t<div class=\"elementor-widget-wrap elementor-element-populated\">\n\t\t\t\t\t\t<div class=\"elementor-element elementor-element-678c433c elementor-widget elementor-widget-text-editor\" data-id=\"678c433c\" data-element_type=\"widget\" data-e-type=\"widget\" data-widget_type=\"text-editor.default\">\n\t\t\t\t<div class=\"elementor-widget-container\">\n\t\t\t\t\t\t\t\t\t<h2 class=\"wp-block-heading has-text-align-center\">PARCOURS NOCTURNE<\/h2>\n<h3>27 kilom\u00e8tres \/ 540m D+<\/h3>\n<p>D\u00e9parts libres le samedi de 18h30 \u00e0 19h30.<\/p>\n<p>Pensez \u00e0 votre \u00e9clairage.<\/p>\n<p>\u00a0<\/p>\n<h2 class=\"wp-block-heading has-text-align-center\">LE PARCOURS \u00ab\u00a0FAMILIAL\u00a0\u00bb\u00a0<\/h2>\n<p><!-- \/wp:heading --><\/p>\n<p><!-- wp:paragraph {\"align\":\"center\",\"textColor\":\"black\",\"fontSize\":\"x-large\"} --><\/p>\n<p class=\"has-text-align-center has-black-color has-text-color has-x-large-font-size\"><strong>25 kilom\u00e8tres et 250m D+<\/strong><\/p>\n<p>D\u00e9parts libres le dimanche de 7h30 \u00e0 10h.<\/p>\n<p><!-- \/wp:paragraph --><\/p>\n<p><!-- wp:paragraph --><\/p>\n<p>Au niveau du ravitaillement, vous aurez la possibilit\u00e9 de raccourcir pour faire 17km \/ 160m D+.<\/p>\n<p><!-- \/wp:paragraph --><\/p>\n<p><!-- wp:paragraph {\"align\":\"center\",\"textColor\":\"black\",\"fontSize\":\"x-large\"} --><\/p>\n<h2 class=\"wp-block-heading has-text-align-center\">LES PARCOURS SPORTIFS<\/h2>\n<p>D\u00e9parts libres le dimanche de 7h30 \u00e0 10h (9h00 pour ceux qui feront toutes les boucles)<\/p>\n<p class=\"wp-block-heading has-text-align-center\">Le d\u00e9but de 11km \/ 255m D+, sans difficult\u00e9s, sera un \u00e9chauffement jusqu&rsquo;\u00e0 la croix Saint Cl\u00e9ment o\u00f9 se trouvera le seul ravitaillement gourmand.<\/p>\n<p class=\"wp-block-heading has-text-align-center\">A partir de l\u00e0-haut vous concocterez ensuite votre circuit en choisissant parmi 3 boucles :<\/p>\n<p class=\"wp-block-heading has-text-align-center\">&#8211; <strong>la boucle ludique<\/strong> de 11 km \/ 200m de D+ avec 90% de singles (fl\u00e8ches jaunes)<\/p>\n<p class=\"wp-block-heading has-text-align-center\">&#8211; <strong>la boucle des braves<\/strong> de 17 km \/470m de D+ (fl\u00e8ches rouges)<\/p>\n<p class=\"wp-block-heading has-text-align-center\">&#8211;<strong> la boucle vari\u00e9e et accessible<\/strong> de 10 km \/ 225m de D+ (fl\u00e8ches bleues)<\/p>\n<p class=\"wp-block-heading has-text-align-center\">A chaque fois que vous arriverez \u00e0 la croix vous pourrez d\u00e9cider de finir votre randonn\u00e9e en prenant les 4.5km\/78m D+ de retour \u00e0 travers les vergers.<\/p>\n<p class=\"wp-block-heading has-text-align-center\">En fonction de vos choix,\u00a0<\/p>\n<p class=\"wp-block-heading has-text-align-center\">&#8211; Avec une boucle vous ferez entre 25 et 33 km<\/p>\n<p class=\"wp-block-heading has-text-align-center\">&#8211; Avec 2 boucles vous ferez entre 35 et 43 km<\/p>\n<p class=\"wp-block-heading has-text-align-center\">&#8211; La totalit\u00e9 repr\u00e9sente 55km et 1250m D+<\/p>\n<p class=\"wp-block-heading has-text-align-center\"><strong>Faites vous plaisir !<\/strong><\/p>\n<p><!-- \/wp:paragraph --><\/p>\n<p><!-- wp:paragraph {\"align\":\"center\"} --><\/p>\n<p>\u00a0<\/p>\n<p><!-- \/wp:paragraph --><\/p>\n<p><!-- wp:paragraph {\"align\":\"center\",\"textColor\":\"black\",\"fontSize\":\"x-large\"} --><\/p>\n<p><!-- \/wp:paragraph --><\/p>\n<p><!-- wp:buttons {\"layout\":{\"type\":\"flex\",\"justifyContent\":\"center\"}} --><\/p>\n<div class=\"wp-block-buttons\">\n<p><!-- wp:button {\"textAlign\":\"center\",\"className\":\"is-style-outline\"} --><\/p>\n<div class=\"wp-block-button is-style-outline\"><strong><a href=\"https:\/\/www.payasso.fr\/mad-et-moselle-singletrack\/festivel-2025\">INSCRIPTIONS<\/a><\/strong><\/div>\n<p><!-- \/wp:button --><\/p>\n<\/div>\n<p><!-- \/wp:buttons --><\/p>\t\t\t\t\t\t\t\t<\/div>\n\t\t\t\t<\/div>\n\t\t\t\t\t<\/div>\n\t\t<\/div>\n\t\t\t\t\t<\/div>\n\t\t<\/section>\n\t\t\t\t<\/div>\n\t\t","protected":false},"excerpt":{"rendered":"<p>PARCOURS NOCTURNE 27 kilom\u00e8tres \/ 540m D+ D\u00e9parts libres le samedi de 18h30 \u00e0 19h30. Pensez \u00e0 votre \u00e9clairage. \u00a0 LE PARCOURS \u00ab\u00a0FAMILIAL\u00a0\u00bb\u00a0 25 kilom\u00e8tres et 250m D+ D\u00e9parts libres le dimanche de 7h30 \u00e0 10h. Au niveau du ravitaillement, vous aurez la possibilit\u00e9 de raccourcir pour faire 17km \/ 160m D+. LES PARCOURS SPORTIFS [&hellip;]<\/p>\n","protected":false},"author":2,"featured_media":0,"parent":0,"menu_order":0,"comment_status":"closed","ping_status":"closed","template":"","meta":{"_price":"","_stock":"","_tribe_ticket_header":"","_tribe_default_ticket_provider":"","_tribe_ticket_capacity":"0","_ticket_start_date":"","_ticket_end_date":"","_tribe_ticket_show_description":"","_tribe_ticket_show_not_going":false,"_tribe_ticket_use_global_stock":"","_tribe_ticket_global_stock_level":"","_global_stock_mode":"","_global_stock_cap":"","_tribe_rsvp_for_event":"","_tribe_ticket_going_count":"","_tribe_ticket_not_going_count":"","_tribe_tickets_list":"[]","_tribe_ticket_has_attendee_info_fields":false,"footnotes":"","_tec_slr_enabled":"","_tec_slr_layout":""},"class_list":["post-31","page","type-page","status-publish","hentry"],"yoast_head":"<!-- This site is optimized with the Yoast SEO plugin v27.4 - https:\/\/yoast.com\/product\/yoast-seo-wordpress\/ -->\n<title>LES PARCOURS VTT - LE FESTIVEL<\/title>\n<meta name=\"robots\" content=\"index, follow, max-snippet:-1, max-image-preview:large, max-video-preview:-1\" \/>\n<link rel=\"canonical\" href=\"https:\/\/lefestivel.fr\/index.php\/vtt\/\" \/>\n<meta property=\"og:locale\" content=\"fr_FR\" \/>\n<meta property=\"og:type\" content=\"article\" \/>\n<meta property=\"og:title\" content=\"LES PARCOURS VTT - LE FESTIVEL\" \/>\n<meta property=\"og:description\" content=\"PARCOURS NOCTURNE 27 kilom\u00e8tres \/ 540m D+ D\u00e9parts libres le samedi de 18h30 \u00e0 19h30. Pensez \u00e0 votre \u00e9clairage. \u00a0 LE PARCOURS \u00ab\u00a0FAMILIAL\u00a0\u00bb\u00a0 25 kilom\u00e8tres et 250m D+ D\u00e9parts libres le dimanche de 7h30 \u00e0 10h. Au niveau du ravitaillement, vous aurez la possibilit\u00e9 de raccourcir pour faire 17km \/ 160m D+. LES PARCOURS SPORTIFS [&hellip;]\" \/>\n<meta property=\"og:url\" content=\"https:\/\/lefestivel.fr\/index.php\/vtt\/\" \/>\n<meta property=\"og:site_name\" content=\"LE FESTIVEL\" \/>\n<meta property=\"article:publisher\" content=\"https:\/\/www.facebook.com\/AncyFestivel\" \/>\n<meta property=\"article:modified_time\" content=\"2025-08-19T15:05:08+00:00\" \/>\n<meta name=\"twitter:card\" content=\"summary_large_image\" \/>\n<meta name=\"twitter:label1\" content=\"Dur\u00e9e de lecture estim\u00e9e\" \/>\n\t<meta name=\"twitter:data1\" content=\"2 minutes\" \/>\n<script type=\"application\/ld+json\" class=\"yoast-schema-graph\">{\"@context\":\"https:\\\/\\\/schema.org\",\"@graph\":[{\"@type\":\"WebPage\",\"@id\":\"https:\\\/\\\/lefestivel.fr\\\/index.php\\\/vtt\\\/\",\"url\":\"https:\\\/\\\/lefestivel.fr\\\/index.php\\\/vtt\\\/\",\"name\":\"LES PARCOURS VTT - LE FESTIVEL\",\"isPartOf\":{\"@id\":\"https:\\\/\\\/lefestivel.fr\\\/#website\"},\"datePublished\":\"2023-06-20T19:56:27+00:00\",\"dateModified\":\"2025-08-19T15:05:08+00:00\",\"breadcrumb\":{\"@id\":\"https:\\\/\\\/lefestivel.fr\\\/index.php\\\/vtt\\\/#breadcrumb\"},\"inLanguage\":\"fr-FR\",\"potentialAction\":[{\"@type\":\"ReadAction\",\"target\":[\"https:\\\/\\\/lefestivel.fr\\\/index.php\\\/vtt\\\/\"]}]},{\"@type\":\"BreadcrumbList\",\"@id\":\"https:\\\/\\\/lefestivel.fr\\\/index.php\\\/vtt\\\/#breadcrumb\",\"itemListElement\":[{\"@type\":\"ListItem\",\"position\":1,\"name\":\"Accueil\",\"item\":\"https:\\\/\\\/lefestivel.fr\\\/\"},{\"@type\":\"ListItem\",\"position\":2,\"name\":\"LES PARCOURS VTT\"}]},{\"@type\":\"WebSite\",\"@id\":\"https:\\\/\\\/lefestivel.fr\\\/#website\",\"url\":\"https:\\\/\\\/lefestivel.fr\\\/\",\"name\":\"LE FESTIVEL\",\"description\":\"Pour les amoureux de la nature et du sport\",\"publisher\":{\"@id\":\"https:\\\/\\\/lefestivel.fr\\\/#organization\"},\"potentialAction\":[{\"@type\":\"SearchAction\",\"target\":{\"@type\":\"EntryPoint\",\"urlTemplate\":\"https:\\\/\\\/lefestivel.fr\\\/?s={search_term_string}\"},\"query-input\":{\"@type\":\"PropertyValueSpecification\",\"valueRequired\":true,\"valueName\":\"search_term_string\"}}],\"inLanguage\":\"fr-FR\"},{\"@type\":\"Organization\",\"@id\":\"https:\\\/\\\/lefestivel.fr\\\/#organization\",\"name\":\"LE FESTIVEL\",\"url\":\"https:\\\/\\\/lefestivel.fr\\\/\",\"logo\":{\"@type\":\"ImageObject\",\"inLanguage\":\"fr-FR\",\"@id\":\"https:\\\/\\\/lefestivel.fr\\\/#\\\/schema\\\/logo\\\/image\\\/\",\"url\":\"https:\\\/\\\/lefestivel.fr\\\/wp-content\\\/uploads\\\/2023\\\/08\\\/bandeau-web-1-scaled.jpg\",\"contentUrl\":\"https:\\\/\\\/lefestivel.fr\\\/wp-content\\\/uploads\\\/2023\\\/08\\\/bandeau-web-1-scaled.jpg\",\"width\":2560,\"height\":945,\"caption\":\"LE FESTIVEL\"},\"image\":{\"@id\":\"https:\\\/\\\/lefestivel.fr\\\/#\\\/schema\\\/logo\\\/image\\\/\"},\"sameAs\":[\"https:\\\/\\\/www.facebook.com\\\/AncyFestivel\"]}]}<\/script>\n<!-- \/ Yoast SEO plugin. -->","yoast_head_json":{"title":"LES PARCOURS VTT - LE FESTIVEL","robots":{"index":"index","follow":"follow","max-snippet":"max-snippet:-1","max-image-preview":"max-image-preview:large","max-video-preview":"max-video-preview:-1"},"canonical":"https:\/\/lefestivel.fr\/index.php\/vtt\/","og_locale":"fr_FR","og_type":"article","og_title":"LES PARCOURS VTT - LE FESTIVEL","og_description":"PARCOURS NOCTURNE 27 kilom\u00e8tres \/ 540m D+ D\u00e9parts libres le samedi de 18h30 \u00e0 19h30. Pensez \u00e0 votre \u00e9clairage. \u00a0 LE PARCOURS \u00ab\u00a0FAMILIAL\u00a0\u00bb\u00a0 25 kilom\u00e8tres et 250m D+ D\u00e9parts libres le dimanche de 7h30 \u00e0 10h. Au niveau du ravitaillement, vous aurez la possibilit\u00e9 de raccourcir pour faire 17km \/ 160m D+. LES PARCOURS SPORTIFS [&hellip;]","og_url":"https:\/\/lefestivel.fr\/index.php\/vtt\/","og_site_name":"LE FESTIVEL","article_publisher":"https:\/\/www.facebook.com\/AncyFestivel","article_modified_time":"2025-08-19T15:05:08+00:00","twitter_card":"summary_large_image","twitter_misc":{"Dur\u00e9e de lecture estim\u00e9e":"2 minutes"},"schema":{"@context":"https:\/\/schema.org","@graph":[{"@type":"WebPage","@id":"https:\/\/lefestivel.fr\/index.php\/vtt\/","url":"https:\/\/lefestivel.fr\/index.php\/vtt\/","name":"LES PARCOURS VTT - LE FESTIVEL","isPartOf":{"@id":"https:\/\/lefestivel.fr\/#website"},"datePublished":"2023-06-20T19:56:27+00:00","dateModified":"2025-08-19T15:05:08+00:00","breadcrumb":{"@id":"https:\/\/lefestivel.fr\/index.php\/vtt\/#breadcrumb"},"inLanguage":"fr-FR","potentialAction":[{"@type":"ReadAction","target":["https:\/\/lefestivel.fr\/index.php\/vtt\/"]}]},{"@type":"BreadcrumbList","@id":"https:\/\/lefestivel.fr\/index.php\/vtt\/#breadcrumb","itemListElement":[{"@type":"ListItem","position":1,"name":"Accueil","item":"https:\/\/lefestivel.fr\/"},{"@type":"ListItem","position":2,"name":"LES PARCOURS VTT"}]},{"@type":"WebSite","@id":"https:\/\/lefestivel.fr\/#website","url":"https:\/\/lefestivel.fr\/","name":"LE FESTIVEL","description":"Pour les amoureux de la nature et du sport","publisher":{"@id":"https:\/\/lefestivel.fr\/#organization"},"potentialAction":[{"@type":"SearchAction","target":{"@type":"EntryPoint","urlTemplate":"https:\/\/lefestivel.fr\/?s={search_term_string}"},"query-input":{"@type":"PropertyValueSpecification","valueRequired":true,"valueName":"search_term_string"}}],"inLanguage":"fr-FR"},{"@type":"Organization","@id":"https:\/\/lefestivel.fr\/#organization","name":"LE FESTIVEL","url":"https:\/\/lefestivel.fr\/","logo":{"@type":"ImageObject","inLanguage":"fr-FR","@id":"https:\/\/lefestivel.fr\/#\/schema\/logo\/image\/","url":"https:\/\/lefestivel.fr\/wp-content\/uploads\/2023\/08\/bandeau-web-1-scaled.jpg","contentUrl":"https:\/\/lefestivel.fr\/wp-content\/uploads\/2023\/08\/bandeau-web-1-scaled.jpg","width":2560,"height":945,"caption":"LE FESTIVEL"},"image":{"@id":"https:\/\/lefestivel.fr\/#\/schema\/logo\/image\/"},"sameAs":["https:\/\/www.facebook.com\/AncyFestivel"]}]}},"ticketed":false,"_links":{"self":[{"href":"https:\/\/lefestivel.fr\/index.php\/wp-json\/wp\/v2\/pages\/31","targetHints":{"allow":["GET"]}}],"collection":[{"href":"https:\/\/lefestivel.fr\/index.php\/wp-json\/wp\/v2\/pages"}],"about":[{"href":"https:\/\/lefestivel.fr\/index.php\/wp-json\/wp\/v2\/types\/page"}],"author":[{"embeddable":true,"href":"https:\/\/lefestivel.fr\/index.php\/wp-json\/wp\/v2\/users\/2"}],"replies":[{"embeddable":true,"href":"https:\/\/lefestivel.fr\/index.php\/wp-json\/wp\/v2\/comments?post=31"}],"version-history":[{"count":57,"href":"https:\/\/lefestivel.fr\/index.php\/wp-json\/wp\/v2\/pages\/31\/revisions"}],"predecessor-version":[{"id":553,"href":"https:\/\/lefestivel.fr\/index.php\/wp-json\/wp\/v2\/pages\/31\/revisions\/553"}],"wp:attachment":[{"href":"https:\/\/lefestivel.fr\/index.php\/wp-json\/wp\/v2\/media?parent=31"}],"curies":[{"name":"wp","href":"https:\/\/api.w.org\/{rel}","templated":true}]}}