{"id":35,"date":"2023-06-20T21:59:51","date_gmt":"2023-06-20T19:59:51","guid":{"rendered":"http:\/\/lefestivel.fr\/?page_id=35"},"modified":"2025-08-19T17:05:01","modified_gmt":"2025-08-19T15:05:01","slug":"gravel","status":"publish","type":"page","link":"https:\/\/lefestivel.fr\/index.php\/gravel\/","title":{"rendered":"GRAVEL"},"content":{"rendered":"\t\t<div data-elementor-type=\"wp-page\" data-elementor-id=\"35\" class=\"elementor elementor-35\">\n\t\t\t\t\t\t<section class=\"elementor-section elementor-top-section elementor-element elementor-element-453dc589 elementor-section-boxed elementor-section-height-default elementor-section-height-default\" data-id=\"453dc589\" data-element_type=\"section\" data-e-type=\"section\">\n\t\t\t\t\t\t<div class=\"elementor-container elementor-column-gap-default\">\n\t\t\t\t\t<div class=\"elementor-column elementor-col-100 elementor-top-column elementor-element elementor-element-a5d7c85\" data-id=\"a5d7c85\" data-element_type=\"column\" data-e-type=\"column\">\n\t\t\t<div class=\"elementor-widget-wrap elementor-element-populated\">\n\t\t\t\t\t\t<div class=\"elementor-element elementor-element-24db6dfb elementor-widget__width-initial elementor-widget elementor-widget-text-editor\" data-id=\"24db6dfb\" data-element_type=\"widget\" data-e-type=\"widget\" data-widget_type=\"text-editor.default\">\n\t\t\t\t<div class=\"elementor-widget-container\">\n\t\t\t\t\t\t\t\t\t<h3><b>Parcours du dimanche<\/b><\/h3>\n<p>100km et ~1500m D+<\/p>\n<p>D\u00e9parts libres le dimanche de 7h30 \u00e0 8h30.<\/p>\n<p>Plusieurs raccourcis vous seront propos\u00e9s.<\/p>\n<p>Un ravitaillement vous attendra \u00e0 mi parcours.<\/p>\n<p><strong>Bonne balade !<\/strong><\/p>\n<p><a href=\"https:\/\/www.payasso.fr\/mad-et-moselle-singletrack\/festivel-2025\" target=\"_blank\" rel=\"noopener\"><b>INSCRIPTION<\/b><\/a><\/p>\n<p><!-- \/wp:heading --><\/p>\n<p><!-- wp:heading --><\/p>\n<p><!-- \/wp:heading --><\/p>\t\t\t\t\t\t\t\t<\/div>\n\t\t\t\t<\/div>\n\t\t\t\t\t<\/div>\n\t\t<\/div>\n\t\t\t\t\t<\/div>\n\t\t<\/section>\n\t\t\t\t<\/div>\n\t\t","protected":false},"excerpt":{"rendered":"<p>Parcours du dimanche 100km et ~1500m D+ D\u00e9parts libres le dimanche de 7h30 \u00e0 8h30. Plusieurs raccourcis vous seront propos\u00e9s. Un ravitaillement vous attendra \u00e0 mi parcours. Bonne balade ! INSCRIPTION<\/p>\n","protected":false},"author":2,"featured_media":0,"parent":0,"menu_order":0,"comment_status":"closed","ping_status":"closed","template":"","meta":{"_price":"","_stock":"","_tribe_ticket_header":"","_tribe_default_ticket_provider":"","_tribe_ticket_capacity":"0","_ticket_start_date":"","_ticket_end_date":"","_tribe_ticket_show_description":"","_tribe_ticket_show_not_going":false,"_tribe_ticket_use_global_stock":"","_tribe_ticket_global_stock_level":"","_global_stock_mode":"","_global_stock_cap":"","_tribe_rsvp_for_event":"","_tribe_ticket_going_count":"","_tribe_ticket_not_going_count":"","_tribe_tickets_list":"[]","_tribe_ticket_has_attendee_info_fields":false,"footnotes":"","_tec_slr_enabled":"","_tec_slr_layout":""},"class_list":["post-35","page","type-page","status-publish","hentry"],"yoast_head":"<!-- This site is optimized with the Yoast SEO plugin v27.4 - https:\/\/yoast.com\/product\/yoast-seo-wordpress\/ -->\n<title>GRAVEL - LE FESTIVEL<\/title>\n<meta name=\"robots\" content=\"index, follow, max-snippet:-1, max-image-preview:large, max-video-preview:-1\" \/>\n<link rel=\"canonical\" href=\"https:\/\/lefestivel.fr\/index.php\/gravel\/\" \/>\n<meta property=\"og:locale\" content=\"fr_FR\" \/>\n<meta property=\"og:type\" content=\"article\" \/>\n<meta property=\"og:title\" content=\"GRAVEL - LE FESTIVEL\" \/>\n<meta property=\"og:description\" content=\"Parcours du dimanche 100km et ~1500m D+ D\u00e9parts libres le dimanche de 7h30 \u00e0 8h30. Plusieurs raccourcis vous seront propos\u00e9s. Un ravitaillement vous attendra \u00e0 mi parcours. Bonne balade ! INSCRIPTION\" \/>\n<meta property=\"og:url\" content=\"https:\/\/lefestivel.fr\/index.php\/gravel\/\" \/>\n<meta property=\"og:site_name\" content=\"LE FESTIVEL\" \/>\n<meta property=\"article:publisher\" content=\"https:\/\/www.facebook.com\/AncyFestivel\" \/>\n<meta property=\"article:modified_time\" content=\"2025-08-19T15:05:01+00:00\" \/>\n<meta name=\"twitter:card\" content=\"summary_large_image\" \/>\n<meta name=\"twitter:label1\" content=\"Dur\u00e9e de lecture estim\u00e9e\" \/>\n\t<meta name=\"twitter:data1\" content=\"1 minute\" \/>\n<script type=\"application\/ld+json\" class=\"yoast-schema-graph\">{\"@context\":\"https:\\\/\\\/schema.org\",\"@graph\":[{\"@type\":\"WebPage\",\"@id\":\"https:\\\/\\\/lefestivel.fr\\\/index.php\\\/gravel\\\/\",\"url\":\"https:\\\/\\\/lefestivel.fr\\\/index.php\\\/gravel\\\/\",\"name\":\"GRAVEL - LE FESTIVEL\",\"isPartOf\":{\"@id\":\"https:\\\/\\\/lefestivel.fr\\\/#website\"},\"datePublished\":\"2023-06-20T19:59:51+00:00\",\"dateModified\":\"2025-08-19T15:05:01+00:00\",\"breadcrumb\":{\"@id\":\"https:\\\/\\\/lefestivel.fr\\\/index.php\\\/gravel\\\/#breadcrumb\"},\"inLanguage\":\"fr-FR\",\"potentialAction\":[{\"@type\":\"ReadAction\",\"target\":[\"https:\\\/\\\/lefestivel.fr\\\/index.php\\\/gravel\\\/\"]}]},{\"@type\":\"BreadcrumbList\",\"@id\":\"https:\\\/\\\/lefestivel.fr\\\/index.php\\\/gravel\\\/#breadcrumb\",\"itemListElement\":[{\"@type\":\"ListItem\",\"position\":1,\"name\":\"Accueil\",\"item\":\"https:\\\/\\\/lefestivel.fr\\\/\"},{\"@type\":\"ListItem\",\"position\":2,\"name\":\"GRAVEL\"}]},{\"@type\":\"WebSite\",\"@id\":\"https:\\\/\\\/lefestivel.fr\\\/#website\",\"url\":\"https:\\\/\\\/lefestivel.fr\\\/\",\"name\":\"LE FESTIVEL\",\"description\":\"Pour les amoureux de la nature et du sport\",\"publisher\":{\"@id\":\"https:\\\/\\\/lefestivel.fr\\\/#organization\"},\"potentialAction\":[{\"@type\":\"SearchAction\",\"target\":{\"@type\":\"EntryPoint\",\"urlTemplate\":\"https:\\\/\\\/lefestivel.fr\\\/?s={search_term_string}\"},\"query-input\":{\"@type\":\"PropertyValueSpecification\",\"valueRequired\":true,\"valueName\":\"search_term_string\"}}],\"inLanguage\":\"fr-FR\"},{\"@type\":\"Organization\",\"@id\":\"https:\\\/\\\/lefestivel.fr\\\/#organization\",\"name\":\"LE FESTIVEL\",\"url\":\"https:\\\/\\\/lefestivel.fr\\\/\",\"logo\":{\"@type\":\"ImageObject\",\"inLanguage\":\"fr-FR\",\"@id\":\"https:\\\/\\\/lefestivel.fr\\\/#\\\/schema\\\/logo\\\/image\\\/\",\"url\":\"https:\\\/\\\/lefestivel.fr\\\/wp-content\\\/uploads\\\/2023\\\/08\\\/bandeau-web-1-scaled.jpg\",\"contentUrl\":\"https:\\\/\\\/lefestivel.fr\\\/wp-content\\\/uploads\\\/2023\\\/08\\\/bandeau-web-1-scaled.jpg\",\"width\":2560,\"height\":945,\"caption\":\"LE FESTIVEL\"},\"image\":{\"@id\":\"https:\\\/\\\/lefestivel.fr\\\/#\\\/schema\\\/logo\\\/image\\\/\"},\"sameAs\":[\"https:\\\/\\\/www.facebook.com\\\/AncyFestivel\"]}]}<\/script>\n<!-- \/ Yoast SEO plugin. -->","yoast_head_json":{"title":"GRAVEL - LE FESTIVEL","robots":{"index":"index","follow":"follow","max-snippet":"max-snippet:-1","max-image-preview":"max-image-preview:large","max-video-preview":"max-video-preview:-1"},"canonical":"https:\/\/lefestivel.fr\/index.php\/gravel\/","og_locale":"fr_FR","og_type":"article","og_title":"GRAVEL - LE FESTIVEL","og_description":"Parcours du dimanche 100km et ~1500m D+ D\u00e9parts libres le dimanche de 7h30 \u00e0 8h30. Plusieurs raccourcis vous seront propos\u00e9s. Un ravitaillement vous attendra \u00e0 mi parcours. Bonne balade ! INSCRIPTION","og_url":"https:\/\/lefestivel.fr\/index.php\/gravel\/","og_site_name":"LE FESTIVEL","article_publisher":"https:\/\/www.facebook.com\/AncyFestivel","article_modified_time":"2025-08-19T15:05:01+00:00","twitter_card":"summary_large_image","twitter_misc":{"Dur\u00e9e de lecture estim\u00e9e":"1 minute"},"schema":{"@context":"https:\/\/schema.org","@graph":[{"@type":"WebPage","@id":"https:\/\/lefestivel.fr\/index.php\/gravel\/","url":"https:\/\/lefestivel.fr\/index.php\/gravel\/","name":"GRAVEL - LE FESTIVEL","isPartOf":{"@id":"https:\/\/lefestivel.fr\/#website"},"datePublished":"2023-06-20T19:59:51+00:00","dateModified":"2025-08-19T15:05:01+00:00","breadcrumb":{"@id":"https:\/\/lefestivel.fr\/index.php\/gravel\/#breadcrumb"},"inLanguage":"fr-FR","potentialAction":[{"@type":"ReadAction","target":["https:\/\/lefestivel.fr\/index.php\/gravel\/"]}]},{"@type":"BreadcrumbList","@id":"https:\/\/lefestivel.fr\/index.php\/gravel\/#breadcrumb","itemListElement":[{"@type":"ListItem","position":1,"name":"Accueil","item":"https:\/\/lefestivel.fr\/"},{"@type":"ListItem","position":2,"name":"GRAVEL"}]},{"@type":"WebSite","@id":"https:\/\/lefestivel.fr\/#website","url":"https:\/\/lefestivel.fr\/","name":"LE FESTIVEL","description":"Pour les amoureux de la nature et du sport","publisher":{"@id":"https:\/\/lefestivel.fr\/#organization"},"potentialAction":[{"@type":"SearchAction","target":{"@type":"EntryPoint","urlTemplate":"https:\/\/lefestivel.fr\/?s={search_term_string}"},"query-input":{"@type":"PropertyValueSpecification","valueRequired":true,"valueName":"search_term_string"}}],"inLanguage":"fr-FR"},{"@type":"Organization","@id":"https:\/\/lefestivel.fr\/#organization","name":"LE FESTIVEL","url":"https:\/\/lefestivel.fr\/","logo":{"@type":"ImageObject","inLanguage":"fr-FR","@id":"https:\/\/lefestivel.fr\/#\/schema\/logo\/image\/","url":"https:\/\/lefestivel.fr\/wp-content\/uploads\/2023\/08\/bandeau-web-1-scaled.jpg","contentUrl":"https:\/\/lefestivel.fr\/wp-content\/uploads\/2023\/08\/bandeau-web-1-scaled.jpg","width":2560,"height":945,"caption":"LE FESTIVEL"},"image":{"@id":"https:\/\/lefestivel.fr\/#\/schema\/logo\/image\/"},"sameAs":["https:\/\/www.facebook.com\/AncyFestivel"]}]}},"ticketed":false,"_links":{"self":[{"href":"https:\/\/lefestivel.fr\/index.php\/wp-json\/wp\/v2\/pages\/35","targetHints":{"allow":["GET"]}}],"collection":[{"href":"https:\/\/lefestivel.fr\/index.php\/wp-json\/wp\/v2\/pages"}],"about":[{"href":"https:\/\/lefestivel.fr\/index.php\/wp-json\/wp\/v2\/types\/page"}],"author":[{"embeddable":true,"href":"https:\/\/lefestivel.fr\/index.php\/wp-json\/wp\/v2\/users\/2"}],"replies":[{"embeddable":true,"href":"https:\/\/lefestivel.fr\/index.php\/wp-json\/wp\/v2\/comments?post=35"}],"version-history":[{"count":57,"href":"https:\/\/lefestivel.fr\/index.php\/wp-json\/wp\/v2\/pages\/35\/revisions"}],"predecessor-version":[{"id":557,"href":"https:\/\/lefestivel.fr\/index.php\/wp-json\/wp\/v2\/pages\/35\/revisions\/557"}],"wp:attachment":[{"href":"https:\/\/lefestivel.fr\/index.php\/wp-json\/wp\/v2\/media?parent=35"}],"curies":[{"name":"wp","href":"https:\/\/api.w.org\/{rel}","templated":true}]}}